{"id":2049,"date":"2020-06-01T01:46:19","date_gmt":"2020-06-01T01:46:19","guid":{"rendered":"https:\/\/eltron.bolvo.com\/demo2\/?page_id=2049"},"modified":"2021-04-30T16:43:49","modified_gmt":"2021-04-30T16:43:49","slug":"contact","status":"publish","type":"page","link":"https:\/\/africa.inovolt.pt\/?page_id=2049","title":{"rendered":"Contactos"},"content":{"rendered":"\t\t<div data-elementor-type=\"wp-page\" data-elementor-id=\"2049\" class=\"elementor elementor-2049\">\n\t\t\t\t\t\t\t\t\t<section class=\"elementor-section elementor-top-section elementor-element elementor-element-8d7f9ce elementor-section-boxed elementor-section-height-default elementor-section-height-default\" data-id=\"8d7f9ce\" data-element_type=\"section\">\n\t\t\t\t\t\t<div class=\"elementor-container elementor-column-gap-default\">\n\t\t\t\t\t<div class=\"elementor-column elementor-col-50 elementor-top-column elementor-element elementor-element-ce257bc\" data-id=\"ce257bc\" data-element_type=\"column\">\n\t\t\t<div class=\"elementor-widget-wrap elementor-element-populated\">\n\t\t\t\t\t\t\t\t<div class=\"elementor-element elementor-element-ce35bea elementor-widget elementor-widget-heading\" data-id=\"ce35bea\" data-element_type=\"widget\" data-widget_type=\"heading.default\">\n\t\t\t\t<div class=\"elementor-widget-container\">\n\t\t\t<h2 class=\"elementor-heading-title elementor-size-default\">\u00c1frica<\/h2>\t\t<\/div>\n\t\t\t\t<\/div>\n\t\t\t\t<div class=\"elementor-element elementor-element-23c92a6 elementor-widget elementor-widget-google_maps\" data-id=\"23c92a6\" data-element_type=\"widget\" data-widget_type=\"google_maps.default\">\n\t\t\t\t<div class=\"elementor-widget-container\">\n\t\t\t\t\t<div class=\"elementor-custom-embed\">\n\t\t\t<iframe frameborder=\"0\" scrolling=\"no\" marginheight=\"0\" marginwidth=\"0\"\n\t\t\t\t\tsrc=\"https:\/\/maps.google.com\/maps?q=Rua%20Daniel%20Tom%C3%A9%20Magaia%2C%20Maputo&#038;t=m&#038;z=8&#038;output=embed&#038;iwloc=near\"\n\t\t\t\t\ttitle=\"Rua Daniel Tom\u00e9 Magaia, Maputo\"\n\t\t\t\t\taria-label=\"Rua Daniel Tom\u00e9 Magaia, Maputo\"\n\t\t\t><\/iframe>\n\t\t<\/div>\n\t\t\t\t<\/div>\n\t\t\t\t<\/div>\n\t\t\t\t\t<\/div>\n\t\t<\/div>\n\t\t\t\t<div class=\"elementor-column elementor-col-50 elementor-top-column elementor-element elementor-element-0750f28\" data-id=\"0750f28\" data-element_type=\"column\">\n\t\t\t<div class=\"elementor-widget-wrap elementor-element-populated\">\n\t\t\t\t\t\t\t\t<div class=\"elementor-element elementor-element-0ba55d6 elementor-widget elementor-widget-heading\" data-id=\"0ba55d6\" data-element_type=\"widget\" data-widget_type=\"heading.default\">\n\t\t\t\t<div class=\"elementor-widget-container\">\n\t\t\t<h2 class=\"elementor-heading-title elementor-size-default\">Europa<\/h2>\t\t<\/div>\n\t\t\t\t<\/div>\n\t\t\t\t<div class=\"elementor-element elementor-element-dcc0837 elementor-widget elementor-widget-google_maps\" data-id=\"dcc0837\" data-element_type=\"widget\" data-widget_type=\"google_maps.default\">\n\t\t\t\t<div class=\"elementor-widget-container\">\n\t\t\t\t\t<div class=\"elementor-custom-embed\">\n\t\t\t<iframe frameborder=\"0\" scrolling=\"no\" marginheight=\"0\" marginwidth=\"0\"\n\t\t\t\t\tsrc=\"https:\/\/maps.google.com\/maps?q=Rua%20Manuel%20Assun%C3%A7%C3%A3o%20Mestre%20n%C2%BA22%2C%20castro%20verde%2C%20Portugal&#038;t=m&#038;z=8&#038;output=embed&#038;iwloc=near\"\n\t\t\t\t\ttitle=\"Rua Manuel Assun\u00e7\u00e3o Mestre n\u00ba22, castro verde, Portugal\"\n\t\t\t\t\taria-label=\"Rua Manuel Assun\u00e7\u00e3o Mestre n\u00ba22, castro verde, Portugal\"\n\t\t\t><\/iframe>\n\t\t<\/div>\n\t\t\t\t<\/div>\n\t\t\t\t<\/div>\n\t\t\t\t\t<\/div>\n\t\t<\/div>\n\t\t\t\t\t\t\t<\/div>\n\t\t<\/section>\n\t\t\t\t<section class=\"elementor-section elementor-top-section elementor-element elementor-element-bb53463 elementor-section-full_width elementor-section-height-default elementor-section-height-default\" data-id=\"bb53463\" data-element_type=\"section\" data-settings=\"{&quot;background_background&quot;:&quot;classic&quot;}\">\n\t\t\t\t\t\t\t<div class=\"elementor-background-overlay\"><\/div>\n\t\t\t\t\t\t\t<div class=\"elementor-container elementor-column-gap-no\">\n\t\t\t\t\t<div class=\"elementor-column elementor-col-100 elementor-top-column elementor-element elementor-element-8b843db\" data-id=\"8b843db\" data-element_type=\"column\">\n\t\t\t<div class=\"elementor-widget-wrap elementor-element-populated\">\n\t\t\t\t\t\t\t\t<div class=\"elementor-element elementor-element-3a9e281 elementor-widget elementor-widget-ucaddon_contactsection\" data-id=\"3a9e281\" data-element_type=\"widget\" data-widget_type=\"ucaddon_contactsection.default\">\n\t\t\t\t<div class=\"elementor-widget-container\">\n\t\t\t<!-- start Contact Section -->\n\n\t\t\t<!-- Start of Contact content -->\n\t<section id=\"contact-page-area\" class=\"contact-page-section\">\n\t\t<div class=\"container\">\n\t\t\t<div class=\"row\">\n\t\t\t\t<div class=\"col-lg-6 col-md-12\">\n\t\t\t\t\t<div class=\"contact-form-text headline pera-content\">\n\t\t\t\t\t\t<h3>Tem alguma quest\u00e3o?<\/h3>\n\t\t\t\t\t\t<p><\/p>\n\t\t\t\t\t\t<div class=\"el-contact-info\">\n\t\t\t\t\t\t\t<div class=\"contact-address\">\n\t<div class=\"contact-icon\">\n            <i class='fas fa-globe-africa'><\/i>\n      \t<\/div>\n\t<div class=\"contact-text pera-content headline\">\n\t\t<h4>\u00c1frica<\/h4>\n\t\t<p>Rua Daniel Tom\u00e9 Magaia, n\u00ba37\nR\/C - Maputo | Mo\u00e7ambique\n<br>\n<a href=\"tel:+258844099556\">+258 844 099 556<\/a><\/p>\n\t<\/div>\n<\/div>\n<div class=\"contact-address\">\n\t<div class=\"contact-icon\">\n            <i class='fas fa-globe-europe'><\/i>\n      \t<\/div>\n\t<div class=\"contact-text pera-content headline\">\n\t\t<h4>Europa<\/h4>\n\t\t<p>Rua Manuel Assun\u00e7\u00e3o Mestre n\u00ba22\n7780-199 Castro Verde - Beja | Portugal\n<br>\n<a href=\"tel:+351967504797\">+351 967 504 797<\/a><\/p>\n\t<\/div>\n<\/div>\n<div class=\"contact-address\">\n\t<div class=\"contact-icon\">\n            <i class='fab fa-internet-explorer'><\/i>\n      \t<\/div>\n\t<div class=\"contact-text pera-content headline\">\n\t\t<h4>e-mail & web<\/h4>\n\t\t<p><a href=\"mailto:geral@inovoltafrica.com\">geral@inovoltafrica.com<\/a>\n\n<a\nhref=\"www.inovoltafrica.com\">www.inovoltafrica.com<\/a><\/p>\n\t<\/div>\n<\/div>\n\n\t\t\t\t\t\t<\/div>\n\t\t\t\t\t<\/div>\n\t\t\t\t<\/div>\n              \t\t\t\t\t<div class=\"col-lg-6 col-md-12\">\n\t\t\t\t\t<div class=\"el-contact-form headline\">\n\t\t\t\t\t\t<h3>Contacto<\/h3>\n\t\t\t\t\t\t<div class=\"contact-form-area\">\n\t\t\t\t\t\t\t<div role=\"form\" class=\"wpcf7\" id=\"wpcf7-f2058-o1\" lang=\"en-US\" dir=\"ltr\">\n<div class=\"screen-reader-response\"><p role=\"status\" aria-live=\"polite\" aria-atomic=\"true\"><\/p> <ul><\/ul><\/div>\n<form action=\"\/index.php?rest_route=%2Fwp%2Fv2%2Fpages%2F2049#wpcf7-f2058-o1\" method=\"post\" class=\"wpcf7-form init\" novalidate=\"novalidate\" data-status=\"init\">\n<div style=\"display: none;\">\n<input type=\"hidden\" name=\"_wpcf7\" value=\"2058\" \/>\n<input type=\"hidden\" name=\"_wpcf7_version\" value=\"5.5.6\" \/>\n<input type=\"hidden\" name=\"_wpcf7_locale\" value=\"en_US\" \/>\n<input type=\"hidden\" name=\"_wpcf7_unit_tag\" value=\"wpcf7-f2058-o1\" \/>\n<input type=\"hidden\" name=\"_wpcf7_container_post\" value=\"0\" \/>\n<input type=\"hidden\" name=\"_wpcf7_posted_data_hash\" value=\"\" \/>\n<input type=\"hidden\" name=\"_wpcf7_recaptcha_response\" value=\"\" \/>\n<\/div>\n<p><span class=\"wpcf7-form-control-wrap your-name\"><input type=\"text\" name=\"your-name\" value=\"\" size=\"40\" class=\"wpcf7-form-control wpcf7-text wpcf7-validates-as-required\" aria-required=\"true\" aria-invalid=\"false\" placeholder=\"Nome\" \/><\/span><br \/>\n<span class=\"wpcf7-form-control-wrap your-email\"><input type=\"email\" name=\"your-email\" value=\"\" size=\"40\" class=\"wpcf7-form-control wpcf7-text wpcf7-email wpcf7-validates-as-required wpcf7-validates-as-email\" aria-required=\"true\" aria-invalid=\"false\" placeholder=\"Email\" \/><\/span><br \/>\n<span class=\"wpcf7-form-control-wrap your-subject\"><input type=\"text\" name=\"your-subject\" value=\"\" size=\"40\" class=\"wpcf7-form-control wpcf7-text\" aria-invalid=\"false\" placeholder=\"Assunto\" \/><\/span><br \/>\n<span class=\"wpcf7-form-control-wrap your-message\"><textarea name=\"your-message\" cols=\"40\" rows=\"10\" class=\"wpcf7-form-control wpcf7-textarea\" aria-invalid=\"false\" placeholder=\"Mensagem\"><\/textarea><\/span><br \/>\n<input type=\"submit\" value=\"Enviar\" class=\"wpcf7-form-control has-spinner wpcf7-submit\" \/><\/p>\n<div class=\"wpcf7-response-output\" aria-hidden=\"true\"><\/div><\/form><\/div>\n\t\t\t\t\t\t<\/div>\n\t\t\t\t\t<\/div>\n\t\t\t\t<\/div>\n              \t\t\t\t<\/div>\n\t\t<\/div>\n\t<\/section>\n<!-- End of Contact content -->\n\t\t\t<!-- end Contact Section -->\t\t<\/div>\n\t\t\t\t<\/div>\n\t\t\t\t\t<\/div>\n\t\t<\/div>\n\t\t\t\t\t\t\t<\/div>\n\t\t<\/section>\n\t\t\t\t\t\t\t<\/div>\n\t\t","protected":false},"excerpt":{"rendered":"<p>\u00c1frica Europa Tem alguma quest\u00e3o? \u00c1frica Rua Daniel Tom\u00e9 Magaia, n\u00ba37 R\/C &#8211; Maputo | Mo\u00e7ambique +258 844 099 556 Europa Rua Manuel Assun\u00e7\u00e3o Mestre n\u00ba22 7780-199 Castro Verde &#8211; Beja | Portugal +351 967 504 797 e-mail &#038; web geral@inovoltafrica.com www.inovoltafrica.com Contacto<\/p>\n","protected":false},"author":1,"featured_media":0,"parent":0,"menu_order":0,"comment_status":"closed","ping_status":"closed","template":"elementor_header_footer","meta":{"footnotes":""},"class_list":["post-2049","page","type-page","status-publish","hentry"],"_links":{"self":[{"href":"https:\/\/africa.inovolt.pt\/index.php?rest_route=\/wp\/v2\/pages\/2049","targetHints":{"allow":["GET"]}}],"collection":[{"href":"https:\/\/africa.inovolt.pt\/index.php?rest_route=\/wp\/v2\/pages"}],"about":[{"href":"https:\/\/africa.inovolt.pt\/index.php?rest_route=\/wp\/v2\/types\/page"}],"author":[{"embeddable":true,"href":"https:\/\/africa.inovolt.pt\/index.php?rest_route=\/wp\/v2\/users\/1"}],"replies":[{"embeddable":true,"href":"https:\/\/africa.inovolt.pt\/index.php?rest_route=%2Fwp%2Fv2%2Fcomments&post=2049"}],"version-history":[{"count":34,"href":"https:\/\/africa.inovolt.pt\/index.php?rest_route=\/wp\/v2\/pages\/2049\/revisions"}],"predecessor-version":[{"id":2731,"href":"https:\/\/africa.inovolt.pt\/index.php?rest_route=\/wp\/v2\/pages\/2049\/revisions\/2731"}],"wp:attachment":[{"href":"https:\/\/africa.inovolt.pt\/index.php?rest_route=%2Fwp%2Fv2%2Fmedia&parent=2049"}],"curies":[{"name":"wp","href":"https:\/\/api.w.org\/{rel}","templated":true}]}}