{"id":2025,"date":"2020-05-29T06:37:02","date_gmt":"2020-05-29T06:37:02","guid":{"rendered":"https:\/\/eltron.bolvo.com\/demo2\/?page_id=2025"},"modified":"2021-04-30T12:03:51","modified_gmt":"2021-04-30T12:03:51","slug":"energia-solar","status":"publish","type":"page","link":"https:\/\/africa.inovolt.pt\/?page_id=2025","title":{"rendered":"Energia Solar"},"content":{"rendered":"\t\t<div data-elementor-type=\"wp-page\" data-elementor-id=\"2025\" class=\"elementor elementor-2025\">\n\t\t\t\t\t\t\t\t\t<section class=\"elementor-section elementor-top-section elementor-element elementor-element-2572fdc elementor-section-full_width elementor-section-height-default elementor-section-height-default\" data-id=\"2572fdc\" data-element_type=\"section\">\n\t\t\t\t\t\t<div class=\"elementor-container elementor-column-gap-no\">\n\t\t\t\t\t<div class=\"elementor-column elementor-col-100 elementor-top-column elementor-element elementor-element-b17d403\" data-id=\"b17d403\" data-element_type=\"column\">\n\t\t\t<div class=\"elementor-widget-wrap elementor-element-populated\">\n\t\t\t\t\t\t\t\t<div class=\"elementor-element elementor-element-20069c1 elementor-widget elementor-widget-heading\" data-id=\"20069c1\" data-element_type=\"widget\" data-widget_type=\"heading.default\">\n\t\t\t\t<div class=\"elementor-widget-container\">\n\t\t\t<h2 class=\"elementor-heading-title elementor-size-xl\">DESENVOLVIMENTO<\/h2>\t\t<\/div>\n\t\t\t\t<\/div>\n\t\t\t\t<div class=\"elementor-element elementor-element-b2dfedb elementor-widget elementor-widget-image\" data-id=\"b2dfedb\" data-element_type=\"widget\" data-widget_type=\"image.default\">\n\t\t\t\t<div class=\"elementor-widget-container\">\n\t\t\t\t\t\t\t\t\t\t\t\t\t\t\t<img loading=\"lazy\" decoding=\"async\" width=\"2048\" height=\"931\" src=\"https:\/\/africa.inovolt.pt\/wp-content\/uploads\/2021\/04\/ESQUEMA-ENERGIA-INDUSTRIAL_esquema-central-ele-2048x931.png\" class=\"attachment-2048x2048 size-2048x2048\" alt=\"\" srcset=\"https:\/\/africa.inovolt.pt\/wp-content\/uploads\/2021\/04\/ESQUEMA-ENERGIA-INDUSTRIAL_esquema-central-ele-2048x931.png 2048w, https:\/\/africa.inovolt.pt\/wp-content\/uploads\/2021\/04\/ESQUEMA-ENERGIA-INDUSTRIAL_esquema-central-ele-300x136.png 300w, https:\/\/africa.inovolt.pt\/wp-content\/uploads\/2021\/04\/ESQUEMA-ENERGIA-INDUSTRIAL_esquema-central-ele-1024x466.png 1024w, https:\/\/africa.inovolt.pt\/wp-content\/uploads\/2021\/04\/ESQUEMA-ENERGIA-INDUSTRIAL_esquema-central-ele-768x349.png 768w, https:\/\/africa.inovolt.pt\/wp-content\/uploads\/2021\/04\/ESQUEMA-ENERGIA-INDUSTRIAL_esquema-central-ele-1536x699.png 1536w\" sizes=\"auto, (max-width: 2048px) 100vw, 2048px\" \/>\t\t\t\t\t\t\t\t\t\t\t\t\t\t\t<\/div>\n\t\t\t\t<\/div>\n\t\t\t\t<div class=\"elementor-element elementor-element-f166329 elementor-widget elementor-widget-text-editor\" data-id=\"f166329\" data-element_type=\"widget\" data-widget_type=\"text-editor.default\">\n\t\t\t\t<div class=\"elementor-widget-container\">\n\t\t\t\t\t\t\t<p><span style=\"color: #000000;\">Desenvolvemos projetos de elevada\u00a0<\/span>rentabilidade e sustentabilidade ambiental, que\u00a0geram grandes oportunidades de investimento.\u00a0Governos, Investidores e Empresas contam\u00a0com o alto n\u00edvel de especializa\u00e7\u00e3o da Inovolt\u00a0para desenvolver e operar projetos renov\u00e1veis\u00a0de grande dimens\u00e3o.\u00a0A diminui\u00e7\u00e3o dos custos da tecnologia solar\u00a0torna a eletricidade produzida a partir do sol\u00a0a fonte mais barata que existe atualmente, e\u00a0a INOVOLT tem uma equipa multidisciplinar,\u00a0experiente e din\u00e2mica a construir novos\u00a0projetos na Europa e \u00c1frica.<\/p>\t\t\t\t\t\t<\/div>\n\t\t\t\t<\/div>\n\t\t\t\t<div class=\"elementor-element elementor-element-d0713f5 elementor-widget-divider--view-line elementor-widget elementor-widget-divider\" data-id=\"d0713f5\" data-element_type=\"widget\" data-widget_type=\"divider.default\">\n\t\t\t\t<div class=\"elementor-widget-container\">\n\t\t\t\t\t<div class=\"elementor-divider\">\n\t\t\t<span class=\"elementor-divider-separator\">\n\t\t\t\t\t\t<\/span>\n\t\t<\/div>\n\t\t\t\t<\/div>\n\t\t\t\t<\/div>\n\t\t\t\t<div class=\"elementor-element elementor-element-d791b2d elementor-widget elementor-widget-heading\" data-id=\"d791b2d\" data-element_type=\"widget\" data-widget_type=\"heading.default\">\n\t\t\t\t<div class=\"elementor-widget-container\">\n\t\t\t<h3 class=\"elementor-heading-title elementor-size-default\">3 GW de Projetos de Energia Solar\nem desenvolvimento<\/h3>\t\t<\/div>\n\t\t\t\t<\/div>\n\t\t\t\t\t<\/div>\n\t\t<\/div>\n\t\t\t\t\t\t\t<\/div>\n\t\t<\/section>\n\t\t\t\t<section class=\"elementor-section elementor-top-section elementor-element elementor-element-196bc73 elementor-section-boxed elementor-section-height-default elementor-section-height-default\" data-id=\"196bc73\" data-element_type=\"section\">\n\t\t\t\t\t\t<div class=\"elementor-container elementor-column-gap-default\">\n\t\t\t\t\t<div class=\"elementor-column elementor-col-33 elementor-top-column elementor-element elementor-element-d048350\" data-id=\"d048350\" data-element_type=\"column\">\n\t\t\t<div class=\"elementor-widget-wrap elementor-element-populated\">\n\t\t\t\t\t\t\t\t<div class=\"elementor-element elementor-element-b33e450 elementor-widget elementor-widget-heading\" data-id=\"b33e450\" data-element_type=\"widget\" data-widget_type=\"heading.default\">\n\t\t\t\t<div class=\"elementor-widget-container\">\n\t\t\t<h5 class=\"elementor-heading-title elementor-size-default\">\u00c1frica Ocidental<\/h5>\t\t<\/div>\n\t\t\t\t<\/div>\n\t\t\t\t<div class=\"elementor-element elementor-element-10fc7c8 elementor-widget elementor-widget-image\" data-id=\"10fc7c8\" data-element_type=\"widget\" data-widget_type=\"image.default\">\n\t\t\t\t<div class=\"elementor-widget-container\">\n\t\t\t\t\t\t\t\t\t\t\t\t\t\t\t<img loading=\"lazy\" decoding=\"async\" width=\"62\" height=\"62\" src=\"https:\/\/africa.inovolt.pt\/wp-content\/uploads\/2021\/04\/painel-solar-50px-03.png\" class=\"attachment-large size-large\" alt=\"\" \/>\t\t\t\t\t\t\t\t\t\t\t\t\t\t\t<\/div>\n\t\t\t\t<\/div>\n\t\t\t\t<div class=\"elementor-element elementor-element-115e50d elementor-widget elementor-widget-counter\" data-id=\"115e50d\" data-element_type=\"widget\" data-widget_type=\"counter.default\">\n\t\t\t\t<div class=\"elementor-widget-container\">\n\t\t\t\t\t<div class=\"elementor-counter\">\n\t\t\t<div class=\"elementor-counter-number-wrapper\">\n\t\t\t\t<span class=\"elementor-counter-number-prefix\"><\/span>\n\t\t\t\t<span class=\"elementor-counter-number\" data-duration=\"2000\" data-to-value=\"1\" data-from-value=\"0\">0<\/span>\n\t\t\t\t<span class=\"elementor-counter-number-suffix\"><\/span>\n\t\t\t<\/div>\n\t\t\t\t\t\t\t<div class=\"elementor-counter-title\">Gw<\/div>\n\t\t\t\t\t<\/div>\n\t\t\t\t<\/div>\n\t\t\t\t<\/div>\n\t\t\t\t\t<\/div>\n\t\t<\/div>\n\t\t\t\t<div class=\"elementor-column elementor-col-33 elementor-top-column elementor-element elementor-element-dfdff9b\" data-id=\"dfdff9b\" data-element_type=\"column\">\n\t\t\t<div class=\"elementor-widget-wrap elementor-element-populated\">\n\t\t\t\t\t\t\t\t<div class=\"elementor-element elementor-element-6993758 elementor-widget elementor-widget-heading\" data-id=\"6993758\" data-element_type=\"widget\" data-widget_type=\"heading.default\">\n\t\t\t\t<div class=\"elementor-widget-container\">\n\t\t\t<h5 class=\"elementor-heading-title elementor-size-default\">\u00c1frica Central<\/h5>\t\t<\/div>\n\t\t\t\t<\/div>\n\t\t\t\t<div class=\"elementor-element elementor-element-1ac94ca elementor-widget elementor-widget-image\" data-id=\"1ac94ca\" data-element_type=\"widget\" data-widget_type=\"image.default\">\n\t\t\t\t<div class=\"elementor-widget-container\">\n\t\t\t\t\t\t\t\t\t\t\t\t\t\t\t<img loading=\"lazy\" decoding=\"async\" width=\"62\" height=\"62\" src=\"https:\/\/africa.inovolt.pt\/wp-content\/uploads\/2021\/04\/painel-solar-50px-03.png\" class=\"attachment-large size-large\" alt=\"\" \/>\t\t\t\t\t\t\t\t\t\t\t\t\t\t\t<\/div>\n\t\t\t\t<\/div>\n\t\t\t\t<div class=\"elementor-element elementor-element-324beb0 elementor-widget elementor-widget-counter\" data-id=\"324beb0\" data-element_type=\"widget\" data-widget_type=\"counter.default\">\n\t\t\t\t<div class=\"elementor-widget-container\">\n\t\t\t\t\t<div class=\"elementor-counter\">\n\t\t\t<div class=\"elementor-counter-number-wrapper\">\n\t\t\t\t<span class=\"elementor-counter-number-prefix\"><\/span>\n\t\t\t\t<span class=\"elementor-counter-number\" data-duration=\"2000\" data-to-value=\"1\" data-from-value=\"0\">0<\/span>\n\t\t\t\t<span class=\"elementor-counter-number-suffix\"><\/span>\n\t\t\t<\/div>\n\t\t\t\t\t\t\t<div class=\"elementor-counter-title\">Gw<\/div>\n\t\t\t\t\t<\/div>\n\t\t\t\t<\/div>\n\t\t\t\t<\/div>\n\t\t\t\t\t<\/div>\n\t\t<\/div>\n\t\t\t\t<div class=\"elementor-column elementor-col-33 elementor-top-column elementor-element elementor-element-8eedda0\" data-id=\"8eedda0\" data-element_type=\"column\">\n\t\t\t<div class=\"elementor-widget-wrap elementor-element-populated\">\n\t\t\t\t\t\t\t\t<div class=\"elementor-element elementor-element-05cf0f6 elementor-widget elementor-widget-heading\" data-id=\"05cf0f6\" data-element_type=\"widget\" data-widget_type=\"heading.default\">\n\t\t\t\t<div class=\"elementor-widget-container\">\n\t\t\t<h5 class=\"elementor-heading-title elementor-size-default\">Portugal<\/h5>\t\t<\/div>\n\t\t\t\t<\/div>\n\t\t\t\t<div class=\"elementor-element elementor-element-2f69a8f elementor-widget elementor-widget-image\" data-id=\"2f69a8f\" data-element_type=\"widget\" data-widget_type=\"image.default\">\n\t\t\t\t<div class=\"elementor-widget-container\">\n\t\t\t\t\t\t\t\t\t\t\t\t\t\t\t<img loading=\"lazy\" decoding=\"async\" width=\"62\" height=\"62\" src=\"https:\/\/africa.inovolt.pt\/wp-content\/uploads\/2021\/04\/painel-solar-50px-03.png\" class=\"attachment-large size-large\" alt=\"\" \/>\t\t\t\t\t\t\t\t\t\t\t\t\t\t\t<\/div>\n\t\t\t\t<\/div>\n\t\t\t\t<div class=\"elementor-element elementor-element-d73e67d elementor-widget elementor-widget-counter\" data-id=\"d73e67d\" data-element_type=\"widget\" data-widget_type=\"counter.default\">\n\t\t\t\t<div class=\"elementor-widget-container\">\n\t\t\t\t\t<div class=\"elementor-counter\">\n\t\t\t<div class=\"elementor-counter-number-wrapper\">\n\t\t\t\t<span class=\"elementor-counter-number-prefix\"><\/span>\n\t\t\t\t<span class=\"elementor-counter-number\" data-duration=\"2000\" data-to-value=\"1\" data-from-value=\"0\">0<\/span>\n\t\t\t\t<span class=\"elementor-counter-number-suffix\"><\/span>\n\t\t\t<\/div>\n\t\t\t\t\t\t\t<div class=\"elementor-counter-title\">Gw<\/div>\n\t\t\t\t\t<\/div>\n\t\t\t\t<\/div>\n\t\t\t\t<\/div>\n\t\t\t\t\t<\/div>\n\t\t<\/div>\n\t\t\t\t\t\t\t<\/div>\n\t\t<\/section>\n\t\t\t\t<section class=\"elementor-section elementor-top-section elementor-element elementor-element-0c900c3 elementor-section-full_width service-page elementor-section-height-default elementor-section-height-default\" data-id=\"0c900c3\" data-element_type=\"section\">\n\t\t\t\t\t\t<div class=\"elementor-container elementor-column-gap-no\">\n\t\t\t\t\t<div class=\"elementor-column elementor-col-100 elementor-top-column elementor-element elementor-element-6b93ec4\" data-id=\"6b93ec4\" data-element_type=\"column\">\n\t\t\t<div class=\"elementor-widget-wrap elementor-element-populated\">\n\t\t\t\t\t\t\t\t<div class=\"elementor-element elementor-element-149c141 elementor-widget-divider--view-line elementor-widget elementor-widget-divider\" data-id=\"149c141\" data-element_type=\"widget\" data-widget_type=\"divider.default\">\n\t\t\t\t<div class=\"elementor-widget-container\">\n\t\t\t\t\t<div class=\"elementor-divider\">\n\t\t\t<span class=\"elementor-divider-separator\">\n\t\t\t\t\t\t<\/span>\n\t\t<\/div>\n\t\t\t\t<\/div>\n\t\t\t\t<\/div>\n\t\t\t\t<div class=\"elementor-element elementor-element-d6b9390 elementor-widget elementor-widget-heading\" data-id=\"d6b9390\" data-element_type=\"widget\" data-widget_type=\"heading.default\">\n\t\t\t\t<div class=\"elementor-widget-container\">\n\t\t\t<h2 class=\"elementor-heading-title elementor-size-default\">Planeamento<\/h2>\t\t<\/div>\n\t\t\t\t<\/div>\n\t\t\t\t\t<\/div>\n\t\t<\/div>\n\t\t\t\t\t\t\t<\/div>\n\t\t<\/section>\n\t\t\t\t<section class=\"elementor-section elementor-top-section elementor-element elementor-element-0d328ad elementor-section-boxed elementor-section-height-default elementor-section-height-default\" data-id=\"0d328ad\" data-element_type=\"section\">\n\t\t\t\t\t\t<div class=\"elementor-container elementor-column-gap-default\">\n\t\t\t\t\t<div class=\"elementor-column elementor-col-100 elementor-top-column elementor-element elementor-element-66b8155\" data-id=\"66b8155\" data-element_type=\"column\">\n\t\t\t<div class=\"elementor-widget-wrap elementor-element-populated\">\n\t\t\t\t\t\t\t\t<div class=\"elementor-element elementor-element-5de4521 elementor-widget elementor-widget-image\" data-id=\"5de4521\" data-element_type=\"widget\" data-widget_type=\"image.default\">\n\t\t\t\t<div class=\"elementor-widget-container\">\n\t\t\t\t\t\t\t\t\t\t\t\t\t\t\t<img loading=\"lazy\" decoding=\"async\" width=\"1024\" height=\"293\" src=\"https:\/\/africa.inovolt.pt\/wp-content\/uploads\/2021\/04\/planeamento-1024x293.png\" class=\"attachment-large size-large\" alt=\"\" srcset=\"https:\/\/africa.inovolt.pt\/wp-content\/uploads\/2021\/04\/planeamento-1024x293.png 1024w, https:\/\/africa.inovolt.pt\/wp-content\/uploads\/2021\/04\/planeamento-300x86.png 300w, https:\/\/africa.inovolt.pt\/wp-content\/uploads\/2021\/04\/planeamento-768x220.png 768w, https:\/\/africa.inovolt.pt\/wp-content\/uploads\/2021\/04\/planeamento-1536x440.png 1536w, https:\/\/africa.inovolt.pt\/wp-content\/uploads\/2021\/04\/planeamento-2048x587.png 2048w\" sizes=\"auto, (max-width: 1024px) 100vw, 1024px\" \/>\t\t\t\t\t\t\t\t\t\t\t\t\t\t\t<\/div>\n\t\t\t\t<\/div>\n\t\t\t\t\t<\/div>\n\t\t<\/div>\n\t\t\t\t\t\t\t<\/div>\n\t\t<\/section>\n\t\t\t\t<section class=\"elementor-section elementor-top-section elementor-element elementor-element-1288775 elementor-section-boxed elementor-section-height-default elementor-section-height-default\" data-id=\"1288775\" data-element_type=\"section\">\n\t\t\t\t\t\t<div class=\"elementor-container elementor-column-gap-default\">\n\t\t\t\t\t<div class=\"elementor-column elementor-col-100 elementor-top-column elementor-element elementor-element-aa912aa\" data-id=\"aa912aa\" data-element_type=\"column\">\n\t\t\t<div class=\"elementor-widget-wrap\">\n\t\t\t\t\t\t\t\t\t<\/div>\n\t\t<\/div>\n\t\t\t\t\t\t\t<\/div>\n\t\t<\/section>\n\t\t\t\t\t\t\t<\/div>\n\t\t","protected":false},"excerpt":{"rendered":"<p>DESENVOLVIMENTO Desenvolvemos projetos de elevada\u00a0rentabilidade e sustentabilidade ambiental, que\u00a0geram grandes oportunidades de investimento.\u00a0Governos, Investidores e Empresas contam\u00a0com o alto n\u00edvel de especializa\u00e7\u00e3o da Inovolt\u00a0para desenvolver e operar projetos renov\u00e1veis\u00a0de grande dimens\u00e3o.\u00a0A diminui\u00e7\u00e3o dos custos da tecnologia solar\u00a0torna a eletricidade produzida a partir do sol\u00a0a fonte mais barata que existe atualmente, e\u00a0a INOVOLT tem uma equipa&hellip;<\/p>\n","protected":false},"author":1,"featured_media":0,"parent":0,"menu_order":0,"comment_status":"closed","ping_status":"closed","template":"elementor_header_footer","meta":{"footnotes":""},"class_list":["post-2025","page","type-page","status-publish","hentry"],"_links":{"self":[{"href":"https:\/\/africa.inovolt.pt\/index.php?rest_route=\/wp\/v2\/pages\/2025","targetHints":{"allow":["GET"]}}],"collection":[{"href":"https:\/\/africa.inovolt.pt\/index.php?rest_route=\/wp\/v2\/pages"}],"about":[{"href":"https:\/\/africa.inovolt.pt\/index.php?rest_route=\/wp\/v2\/types\/page"}],"author":[{"embeddable":true,"href":"https:\/\/africa.inovolt.pt\/index.php?rest_route=\/wp\/v2\/users\/1"}],"replies":[{"embeddable":true,"href":"https:\/\/africa.inovolt.pt\/index.php?rest_route=%2Fwp%2Fv2%2Fcomments&post=2025"}],"version-history":[{"count":29,"href":"https:\/\/africa.inovolt.pt\/index.php?rest_route=\/wp\/v2\/pages\/2025\/revisions"}],"predecessor-version":[{"id":2708,"href":"https:\/\/africa.inovolt.pt\/index.php?rest_route=\/wp\/v2\/pages\/2025\/revisions\/2708"}],"wp:attachment":[{"href":"https:\/\/africa.inovolt.pt\/index.php?rest_route=%2Fwp%2Fv2%2Fmedia&parent=2025"}],"curies":[{"name":"wp","href":"https:\/\/api.w.org\/{rel}","templated":true}]}}